{"id":70,"date":"2018-04-23T05:15:10","date_gmt":"2018-04-23T05:15:10","guid":{"rendered":"http:\/\/localhost\/ciya-shop-wedding-sample-data\/?page_id=70"},"modified":"2025-11-14T13:47:04","modified_gmt":"2025-11-14T12:47:04","slug":"kontakt","status":"publish","type":"page","link":"https:\/\/framega.pl\/index.php\/kontakt\/","title":{"rendered":"KONTAKT"},"content":{"rendered":"<div class=\"wpb-content-wrapper\"><p>[vc_section][vc_row pgscore_enable_responsive_settings=&#8221;true&#8221; el_id=&#8221;1523252224599-4a67cc85-56cf&#8221; css=&#8221;.vc_custom_1523255481080{padding-top: 80px !important;}&#8221; element_css_md=&#8221;.vc_custom_1523255481081{padding-top: 60px !important;}&#8221; element_css_sm=&#8221;.vc_custom_1523255481083{padding-top: 50px !important;}&#8221; element_css_xs=&#8221;.vc_custom_1523255481085{padding-top: 40px !important;}&#8221;][vc_column offset=&#8221;vc_col-lg-offset-2 vc_col-lg-8 vc_col-md-offset-2 vc_col-md-8&#8243; el_id=&#8221;1763123025675-c4d9af52-32f0&#8243;][vc_custom_heading text=&#8221;B\u0105d\u017amy w kontakcie!&#8221; font_container=&#8221;tag:h2|font_size:3em|text_align:center|line_height:1.4em&#8221; google_fonts=&#8221;font_family:Great%20Vibes%3Aregular|font_style:400%20regular%3A400%3Anormal&#8221; css=&#8221;.vc_custom_1763123035411{margin-bottom: 15px !important;}&#8221;][vc_column_text css=&#8221;&#8221;]<\/p>\n<p style=\"text-align: center;\">By\u0142oby wspaniale gdyby\u015b do nas napisa\u0142 lub zdzwoni\u0142! W razie pyta\u0144 prosimy o przes\u0142anie wiadomo\u015bci. Czekamy na wiadomo\u015b\u0107 od Ciebie! Postaramy si\u0119 odpowiedzie\u0107 jak najszybciej.<\/p>\n<p>[\/vc_column_text][\/vc_column][\/vc_row][vc_row pgscore_enable_responsive_settings=&#8221;true&#8221; el_id=&#8221;1523081898193-0e7479c9-d13d&#8221; css=&#8221;.vc_custom_1523255518226{padding-bottom: 40px !important;}&#8221; element_css_md=&#8221;.vc_custom_1523255518229{padding-bottom: 20px !important;}&#8221; element_css_sm=&#8221;.vc_custom_1523255518230{padding-bottom: 10px !important;}&#8221; element_css_xs=&#8221;.vc_custom_1523255518231{padding-bottom: 0px !important;}&#8221;][vc_column css=&#8221;.vc_custom_1523432189194{margin-bottom: 40px !important;}&#8221; offset=&#8221;vc_col-lg-4 vc_col-md-4 vc_col-xs-12&#8243; el_id=&#8221;1763123025690-adea902b-aa35&#8243;]\t<div  class=\"pgscore_info_box_2_wrapper vc_custom_1763123100679\"><!-- shortcode-base-wrapper -->\n\t\t<div class=\"pgscore_info_box_2 pgscore_info_box_2-layout-style_1 pgscore_info_box_2-content_alignment-center animated pgscore_info_box_2-with-icon pgscore_info_box_2-icon-source-font pgscore_info_box_2-icon-style-default pgscore_info_box_2-icon-size-lg\">\n\t<div class=\"pgscore_info_box_2-inner clearfix\">\n\t\t\t\t<div class=\"pgscore_info_box_2-icon\">\n\t\t\t\t<div class=\"pgscore_info_box_2-icon-wrap\">\n\t\t\t\t\t<div class=\"pgscore_info_box_2-icon-outer\">\n\t<div class=\"pgscore_info_box_2-icon-inner\" style=\"\">\n\t\t<i class=\"typcn typcn-home-outline\" style=\"color:#877f75\"><\/i>\t<\/div>\n<\/div>\n\t\t\t\t<\/div>\n\t\t\t<\/div>\n\t\t\t\t<div class=\"pgscore_info_box_2-content\">\n\t\t<div class=\"pgscore_info_box_2-content-wrap\">\n\t\t\t<div class=\"pgscore_info_box_2-content-inner\">\n\t\t\t\t\t\t<h5 class=\"pgscore_info_box_2-title inline_hover\" style=\"color:#323232;\">\n\t\t\tADRES\t\t<\/h5>\n\t\t\t<div style=\"color:\" class=\"pgscore_info_box_2-content\">\n\t\t<p>S\u0119dziszowa 19<br \/>38-350 Bobowa<\/p>\n\t<\/div>\n\t\t\t\t<\/div>\n\t\t<\/div>\n\t<\/div>\n<\/div>\n<\/div>\n\t<\/div>\n\t[\/vc_column][vc_column css=&#8221;.vc_custom_1523432203385{margin-bottom: 40px !important;}&#8221; offset=&#8221;vc_col-lg-4 vc_col-md-4 vc_col-xs-12&#8243; el_id=&#8221;1763123025699-1f94dea2-fd34&#8243;]\t<div  class=\"pgscore_info_box_2_wrapper vc_custom_1763123200725\"><!-- shortcode-base-wrapper -->\n\t\t<div class=\"pgscore_info_box_2 pgscore_info_box_2-layout-style_1 pgscore_info_box_2-content_alignment-center animated pgscore_info_box_2-with-icon pgscore_info_box_2-icon-source-font pgscore_info_box_2-icon-style-default pgscore_info_box_2-icon-size-lg\">\n\t<div class=\"pgscore_info_box_2-inner clearfix\">\n\t\t\t\t<div class=\"pgscore_info_box_2-icon\">\n\t\t\t\t<div class=\"pgscore_info_box_2-icon-wrap\">\n\t\t\t\t\t<div class=\"pgscore_info_box_2-icon-outer\">\n\t<div class=\"pgscore_info_box_2-icon-inner\" style=\"\">\n\t\t<i class=\"typcn typcn-phone-outline\" style=\"color:#877f75\"><\/i>\t<\/div>\n<\/div>\n\t\t\t\t<\/div>\n\t\t\t<\/div>\n\t\t\t\t<div class=\"pgscore_info_box_2-content\">\n\t\t<div class=\"pgscore_info_box_2-content-wrap\">\n\t\t\t<div class=\"pgscore_info_box_2-content-inner\">\n\t\t\t\t\t\t<h5 class=\"pgscore_info_box_2-title inline_hover\" style=\"color:#323232;\">\n\t\t\tTELEFON\t\t<\/h5>\n\t\t\t<div style=\"color:\" class=\"pgscore_info_box_2-content\">\n\t\t<p>884 888 058<br \/>&nbsp;<\/p>\n\t<\/div>\n\t\t\t\t<\/div>\n\t\t<\/div>\n\t<\/div>\n<\/div>\n<\/div>\n\t<\/div>\n\t[\/vc_column][vc_column offset=&#8221;vc_col-lg-4 vc_col-md-4 vc_col-xs-12&#8243; css=&#8221;.vc_custom_1523432286943{margin-bottom: 40px !important;}&#8221; el_id=&#8221;1763123025708-b3471a54-05e5&#8243;]\t<div  class=\"pgscore_info_box_2_wrapper vc_custom_1763123162034\"><!-- shortcode-base-wrapper -->\n\t\t<div class=\"pgscore_info_box_2 pgscore_info_box_2-layout-style_1 pgscore_info_box_2-content_alignment-center animated pgscore_info_box_2-with-icon pgscore_info_box_2-icon-source-font pgscore_info_box_2-icon-style-default pgscore_info_box_2-icon-size-lg\">\n\t<div class=\"pgscore_info_box_2-inner clearfix\">\n\t\t\t\t<div class=\"pgscore_info_box_2-icon\">\n\t\t\t\t<div class=\"pgscore_info_box_2-icon-wrap\">\n\t\t\t\t\t<div class=\"pgscore_info_box_2-icon-outer\">\n\t<div class=\"pgscore_info_box_2-icon-inner\" style=\"\">\n\t\t<i class=\"typcn typcn-mail\" style=\"color:#877f75\"><\/i>\t<\/div>\n<\/div>\n\t\t\t\t<\/div>\n\t\t\t<\/div>\n\t\t\t\t<div class=\"pgscore_info_box_2-content\">\n\t\t<div class=\"pgscore_info_box_2-content-wrap\">\n\t\t\t<div class=\"pgscore_info_box_2-content-inner\">\n\t\t\t\t\t\t<h5 class=\"pgscore_info_box_2-title inline_hover\" style=\"color:#323232;\">\n\t\t\tE-MAIL\t\t<\/h5>\n\t\t\t<div style=\"color:\" class=\"pgscore_info_box_2-content\">\n\t\t<p>framartisfotoifilm@gmail.com<br \/>\nzanetaframega@gmail.com<\/p>\n\t<\/div>\n\t\t\t\t<\/div>\n\t\t<\/div>\n\t<\/div>\n<\/div>\n<\/div>\n\t<\/div>\n\t[\/vc_column][\/vc_row][\/vc_section][vc_section full_width=&#8221;stretch_row&#8221; css=&#8221;.vc_custom_1527316659496{padding-top: 0px !important;background-image: url(https:\/\/sample-data.potenzaglobal.com\/ciyashop\/wedding-contact_us-bg.png?id=139) !important;background-position: center !important;background-repeat: no-repeat !important;background-size: cover !important;}&#8221;][vc_row pgscore_enable_responsive_settings=&#8221;true&#8221; el_id=&#8221;1523249953725-52f5e575-4cc7&#8243; css=&#8221;.vc_custom_1523255594926{margin-bottom: 40px !important;padding-top: 80px !important;}&#8221; element_css_md=&#8221;.vc_custom_1523255594929{padding-top: 60px !important;}&#8221; element_css_sm=&#8221;.vc_custom_1523255594932{padding-top: 50px !important;}&#8221; element_css_xs=&#8221;.vc_custom_1523255594935{padding-top: 40px !important;}&#8221;][vc_column offset=&#8221;vc_col-lg-offset-2 vc_col-lg-8 vc_col-md-offset-2 vc_col-md-8&#8243; el_id=&#8221;1763123025722-35d7c2b5-e72c&#8221;][vc_custom_heading text=&#8221;Wy\u015blij nam wiadomo\u015b\u0107&#8221; font_container=&#8221;tag:h2|font_size:3em|text_align:center&#8221; google_fonts=&#8221;font_family:Great%20Vibes%3Aregular|font_style:400%20regular%3A400%3Anormal&#8221; css=&#8221;.vc_custom_1763123242869{margin-bottom: 15px !important;}&#8221;][vc_column_text css=&#8221;.vc_custom_1763123300797{margin-bottom: 0px !important;}&#8221;]<\/p>\n<p style=\"text-align: center;\">Je\u015bli masz pytania, skorzystaj z poni\u017cszego formularza i napisz do nas. Nie zapomnij wype\u0142ni\u0107 wszystkich p\u00f3l formularza<\/p>\n<p>[\/vc_column_text][\/vc_column][\/vc_row][vc_row pgscore_enable_responsive_settings=&#8221;true&#8221; el_id=&#8221;1523249961002-f42d210f-3eaf&#8221; css=&#8221;.vc_custom_1523255693961{padding-right: 15px !important;padding-bottom: 80px !important;padding-left: 15px !important;}&#8221; element_css_md=&#8221;.vc_custom_1523255693965{padding-bottom: 60px !important;}&#8221; element_css_sm=&#8221;.vc_custom_1523255693967{padding-bottom: 50px !important;}&#8221; element_css_xs=&#8221;.vc_custom_1523255693969{padding-bottom: 40px !important;}&#8221;][vc_column offset=&#8221;vc_col-lg-offset-1 vc_col-lg-10&#8243; css=&#8221;.vc_custom_1523452087157{padding-top: 40px !important;padding-right: 40px !important;padding-bottom: 40px !important;padding-left: 40px !important;background-color: #ffffff !important;}&#8221; el_class=&#8221;box-shadow&#8221; el_id=&#8221;1763123025742-0552fa0c-3c4c&#8221;]\n<div class=\"wpcf7 no-js\" id=\"wpcf7-f138-o1\" lang=\"en-US\" dir=\"ltr\" data-wpcf7-id=\"138\">\n<div class=\"screen-reader-response\"><p role=\"status\" aria-live=\"polite\" aria-atomic=\"true\"><\/p> <ul><\/ul><\/div>\n<form action=\"\/index.php\/wp-json\/wp\/v2\/pages\/70#wpcf7-f138-o1\" method=\"post\" class=\"wpcf7-form init\" aria-label=\"Contact form\" novalidate=\"novalidate\" data-status=\"init\">\n<fieldset class=\"hidden-fields-container\"><input type=\"hidden\" name=\"_wpcf7\" value=\"138\" \/><input type=\"hidden\" name=\"_wpcf7_version\" value=\"6.1.4\" \/><input type=\"hidden\" name=\"_wpcf7_locale\" value=\"en_US\" \/><input type=\"hidden\" name=\"_wpcf7_unit_tag\" value=\"wpcf7-f138-o1\" \/><input type=\"hidden\" name=\"_wpcf7_container_post\" value=\"0\" \/><input type=\"hidden\" name=\"_wpcf7_posted_data_hash\" value=\"\" \/>\n<\/fieldset>\n<div class=\"form-7 contact-form\">\n\t<div class=\"row\">\n\t\t<div class=\"col-sm-6\">\n\t\t\t<div class=\"form-group\">\n\t\t\t\t<p><span class=\"wpcf7-form-control-wrap\" data-name=\"your-name\"><input size=\"40\" maxlength=\"400\" class=\"wpcf7-form-control wpcf7-text wpcf7-validates-as-required\" aria-required=\"true\" aria-invalid=\"false\" placeholder=\"Imi\u0119 i nazwisko\" value=\"\" type=\"text\" name=\"your-name\" \/><\/span>\n\t\t\t\t<\/p>\n\t\t\t<\/div>\n\t\t<\/div>\n\t\t<div class=\"col-sm-6\">\n\t\t\t<div class=\"form-group\">\n\t\t\t\t<p><span class=\"wpcf7-form-control-wrap\" data-name=\"phone-number\"><input size=\"40\" maxlength=\"400\" class=\"wpcf7-form-control wpcf7-text wpcf7-validates-as-required\" aria-required=\"true\" aria-invalid=\"false\" placeholder=\"telefon\" value=\"\" type=\"text\" name=\"phone-number\" \/><\/span>\n\t\t\t\t<\/p>\n\t\t\t<\/div>\n\t\t<\/div>\n\t\t<div class=\"col-md-12\">\n\t\t\t<div class=\"form-group\">\n\t\t\t\t<p><span class=\"wpcf7-form-control-wrap\" data-name=\"your-email\"><input size=\"40\" maxlength=\"400\" class=\"wpcf7-form-control wpcf7-email wpcf7-validates-as-required wpcf7-text wpcf7-validates-as-email\" aria-required=\"true\" aria-invalid=\"false\" placeholder=\"e-mail\" value=\"\" type=\"email\" name=\"your-email\" \/><\/span>\n\t\t\t\t<\/p>\n\t\t\t<\/div>\n\t\t<\/div>\n\t\t<div class=\"col-md-12\">\n\t\t\t<div class=\"form-group\">\n\t\t\t\t<p><span class=\"wpcf7-form-control-wrap\" data-name=\"your-message\"><textarea cols=\"40\" rows=\"10\" maxlength=\"2000\" class=\"wpcf7-form-control wpcf7-textarea\" aria-invalid=\"false\" placeholder=\"Wiadomo\u015b\u0107\" name=\"your-message\"><\/textarea><\/span>\n\t\t\t\t<\/p>\n\t\t\t<\/div>\n\t\t<\/div>\n\t\t<div class=\"col-md text-center\">\n\t\t\t<div class=\"btn-group\">\n\t\t\t\t<div id=\"cf7sr-69e8f900882e9\" class=\"cf7sr-g-recaptcha\" data-theme=\"light\" data-type=\"image\" data-size=\"normal\" data-sitekey=\"6LfMuQ8sAAAAAB9CIkcpfGr9Rmj_ObZZTS69ifWz\"><\/div><span class=\"wpcf7-form-control-wrap cf7sr-recaptcha\" data-name=\"cf7sr-recaptcha\"><input type=\"hidden\" name=\"cf7sr-recaptcha\" value=\"\" class=\"wpcf7-form-control\"><\/span>\n\t\t\t\t<\/p>\n\t\t\t<\/div>\n\t\t<\/div>\n\t\t<p><input class=\"wpcf7-form-control wpcf7-submit has-spinner\" type=\"submit\" value=\"WY\u015aLIJ\" \/>\n\t\t<\/p>\n\t<\/div>\n<\/div><div class=\"wpcf7-response-output\" aria-hidden=\"true\"><\/div>\n<\/form>\n<\/div>\n[\/vc_column][\/vc_row][\/vc_section][vc_row full_width=&#8221;stretch_row_content_no_spaces&#8221; el_id=&#8221;1523254295243-7f6188a5-e5a5&#8243;][vc_column el_id=&#8221;1763123025757-49a1febf-e68e&#8221;][vc_gmaps link=&#8221;#E-8_JTNDaWZyYW1lJTIwc3JjJTNEJTIyaHR0cHMlM0ElMkYlMkZ3d3cuZ29vZ2xlLmNvbSUyRm1hcHMlMkZlbWJlZCUzRnBiJTNEJTIxMW0xNCUyMTFtOCUyMTFtMyUyMTFkMjU3OC44MTMwNjMyNDMxMTU3JTIxMmQyMC45NTQ4NDU3NTcwMzA1MzMlMjEzZDQ5LjczMzE0MzYyMTUyODg3NSUyMTNtMiUyMTFpMTAyNCUyMTJpNzY4JTIxNGYxMy4xJTIxM20zJTIxMW0yJTIxMXMweDQ3M2RlYjJhYmIxMWRiYjklMjUzQTB4MmMwODQzNmY1M2FlMmM5MSUyMTJzUyUyNUM0JTI1OTlkemlzem93YSUyNTIwMTklMjUyQyUyNTIwMzgtMzUwJTI1MjBTJTI1QzQlMjU5OWR6aXN6b3dhJTIxNWUwJTIxM20yJTIxMXNwbCUyMTJzcGwlMjE0djE3NjMxMjQzMzQ2OTYlMjE1bTIlMjExc3BsJTIxMnNwbCUyMiUyMHdpZHRoJTNEJTIyMTAwJTI1JTIyJTIwaGVpZ2h0JTNEJTIyNTAwJTIyJTIwc3R5bGUlM0QlMjJib3JkZXIlM0EwJTNCJTIyJTIwYWxsb3dmdWxsc2NyZWVuJTNEJTIyJTIyJTIwbG9hZGluZyUzRCUyMmxhenklMjIlMjByZWZlcnJlcnBvbGljeSUzRCUyMm5vLXJlZmVycmVyLXdoZW4tZG93bmdyYWRlJTIyJTNFJTNDJTJGaWZyYW1lJTNF&#8221; css=&#8221;.vc_custom_1763124357606{margin-bottom: 0px !important;}&#8221;][\/vc_column][\/vc_row]<\/p>\n<\/div>","protected":false},"excerpt":{"rendered":"<p>[vc_section][vc_row pgscore_enable_responsive_settings=&#8221;true&#8221; el_id=&#8221;1523252224599-4a67cc85-56cf&#8221; css=&#8221;.vc_custom_1523255481080{padding-top: 80px !important;}&#8221; element_css_md=&#8221;.vc_custom_1523255481081{padding-top: 60px !important;}&#8221; element_css_sm=&#8221;.vc_custom_1523255481083{padding-top: 50px !important;}&#8221; element_css_xs=&#8221;.vc_custom_1523255481085{padding-top: 40px !important;}&#8221;][vc_column offset=&#8221;vc_col-lg-offset-2 vc_col-lg-8 vc_col-md-offset-2 vc_col-md-8&#8243; el_id=&#8221;1763123025675-c4d9af52-32f0&#8243;][vc_custom_heading text=&#8221;B\u0105d\u017amy w kontakcie!&#8221; font_container=&#8221;tag:h2|font_size:3em|text_align:center|line_height:1.4em&#8221; google_fonts=&#8221;font_family:Great%20Vibes%3Aregular|font_style:400%20regular%3A400%3Anormal&#8221; css=&#8221;.vc_custom_1763123035411{margin-bottom: 15px !important;}&#8221;][vc_column_text css=&#8221;&#8221;] By\u0142oby wspaniale gdyby\u015b do nas napisa\u0142 lub zdzwoni\u0142! W razie pyta\u0144 prosimy o przes\u0142anie wiadomo\u015bci. Czekamy na wiadomo\u015b\u0107 od Ciebie! Postaramy si\u0119 odpowiedzie\u0107 jak najszybciej. [\/vc_column_text][\/vc_column][\/vc_row][vc_row [&hellip;]<\/p>\n","protected":false},"author":1,"featured_media":0,"parent":0,"menu_order":0,"comment_status":"closed","ping_status":"closed","template":"templates\/full-width.php","meta":{"footnotes":""},"class_list":["post-70","page","type-page","status-publish","hentry"],"_links":{"self":[{"href":"https:\/\/framega.pl\/index.php\/wp-json\/wp\/v2\/pages\/70","targetHints":{"allow":["GET"]}}],"collection":[{"href":"https:\/\/framega.pl\/index.php\/wp-json\/wp\/v2\/pages"}],"about":[{"href":"https:\/\/framega.pl\/index.php\/wp-json\/wp\/v2\/types\/page"}],"author":[{"embeddable":true,"href":"https:\/\/framega.pl\/index.php\/wp-json\/wp\/v2\/users\/1"}],"replies":[{"embeddable":true,"href":"https:\/\/framega.pl\/index.php\/wp-json\/wp\/v2\/comments?post=70"}],"version-history":[{"count":8,"href":"https:\/\/framega.pl\/index.php\/wp-json\/wp\/v2\/pages\/70\/revisions"}],"predecessor-version":[{"id":347,"href":"https:\/\/framega.pl\/index.php\/wp-json\/wp\/v2\/pages\/70\/revisions\/347"}],"wp:attachment":[{"href":"https:\/\/framega.pl\/index.php\/wp-json\/wp\/v2\/media?parent=70"}],"curies":[{"name":"wp","href":"https:\/\/api.w.org\/{rel}","templated":true}]}}