{"id":74,"date":"2018-04-23T05:16:33","date_gmt":"2018-04-23T05:16:33","guid":{"rendered":"http:\/\/localhost\/ciya-shop-wedding-sample-data\/?page_id=74"},"modified":"2025-11-17T20:39:27","modified_gmt":"2025-11-17T19:39:27","slug":"oferta","status":"publish","type":"page","link":"https:\/\/framega.pl\/index.php\/oferta\/","title":{"rendered":"OFERTA"},"content":{"rendered":"<div class=\"wpb-content-wrapper\"><p>[vc_row el_id=&#8221;1763408290884-f9289c42-cc8f&#8221;][vc_column el_id=&#8221;1763408290885-172f1e2d-25f9&#8243;]\n\t\t\t\t<p class=\"rs-p-wp-fix\"><\/p>\n\t\t\t\t<sr7-module data-alias=\"framega-oferta\" data-id=\"5\" id=\"wedding_revslider\" class=\"rs-ov-hidden\" data-version=\"6.7.37\">\n\t\t\t\t\t<sr7-adjuster><\/sr7-adjuster>\n\t\t\t\t\t<sr7-content>\n\t\t\t\t\t\t<sr7-slide id=\"wedding_revslider-30\" data-key=\"30\">\n\t\t\t\t\t\t\t<sr7-bg id=\"wedding_revslider-30-1\" class=\"sr7-layer\"><noscript><img decoding=\"async\" src=\"https:\/\/framega.pl\/wp-content\/uploads\/2025\/11\/slider-022.webp\" alt=\"\" title=\"slider-022\"><\/noscript><\/sr7-bg>\n\t\t\t\t\t\t<\/sr7-slide>\n\t\t\t\t\t\t<sr7-slide id=\"wedding_revslider-31\" data-key=\"31\">\n\t\t\t\t\t\t\t<sr7-bg id=\"wedding_revslider-31-1\" class=\"sr7-layer\"><noscript><img decoding=\"async\" src=\"https:\/\/framega.pl\/wp-content\/uploads\/2025\/11\/slider-021.webp\" alt=\"\" title=\"slider-021\"><\/noscript><\/sr7-bg>\n\t\t\t\t\t\t<\/sr7-slide>\n\t\t\t\t\t\t<sr7-slide id=\"wedding_revslider-32\" data-key=\"32\">\n\t\t\t\t\t\t\t<sr7-bg id=\"wedding_revslider-32-1\" class=\"sr7-layer\"><noscript><img decoding=\"async\" src=\"https:\/\/framega.pl\/wp-content\/uploads\/2025\/11\/slider-024.webp\" alt=\"\" title=\"slider-024\"><\/noscript><\/sr7-bg>\n\t\t\t\t\t\t<\/sr7-slide>\n\t\t\t\t\t\t<sr7-slide id=\"wedding_revslider-33\" data-key=\"33\">\n\t\t\t\t\t\t\t<sr7-bg id=\"wedding_revslider-33-1\" class=\"sr7-layer\"><noscript><img decoding=\"async\" src=\"https:\/\/framega.pl\/wp-content\/uploads\/2025\/11\/slider-023.webp\" alt=\"\" title=\"slider-023\"><\/noscript><\/sr7-bg>\n\t\t\t\t\t\t<\/sr7-slide>\n\t\t\t\t\t\t<sr7-slide id=\"wedding_revslider-34\" data-key=\"34\">\n\t\t\t\t\t\t<\/sr7-slide>\n\t\t\t\t\t<\/sr7-content>\n\t\t\t\t\t<image_lists style=\"display:none\">\n\t\t\t\t\t\t<img data-src=\"\/\/framega.pl\/wp-content\/uploads\/2025\/11\/slider-022.webp\" data-libid=\"501\" data-lib=\"medialibrary\" title=\"slider-022\" width=\"0\" height=\"0\" data-dbsrc=\"Ly9mcmFtZWdhLnBsL3dwLWNvbnRlbnQvdXBsb2Fkcy8yMDI1LzExL3NsaWRlci0wMjIud2VicA==\"\/>\n\t\t\t\t\t\t<img data-src=\"\/\/framega.pl\/wp-content\/uploads\/2025\/11\/slider-021.webp\" data-libid=\"500\" data-lib=\"medialibrary\" title=\"slider-021\" width=\"0\" height=\"0\" data-dbsrc=\"Ly9mcmFtZWdhLnBsL3dwLWNvbnRlbnQvdXBsb2Fkcy8yMDI1LzExL3NsaWRlci0wMjEud2VicA==\"\/>\n\t\t\t\t\t\t<img data-src=\"\/\/framega.pl\/wp-content\/uploads\/2025\/11\/slider-024.webp\" data-libid=\"505\" data-lib=\"medialibrary\" title=\"slider-024\" width=\"0\" height=\"0\" data-dbsrc=\"Ly9mcmFtZWdhLnBsL3dwLWNvbnRlbnQvdXBsb2Fkcy8yMDI1LzExL3NsaWRlci0wMjQud2VicA==\"\/>\n\t\t\t\t\t\t<img data-src=\"\/\/framega.pl\/wp-content\/uploads\/2025\/11\/slider-023.webp\" data-libid=\"504\" data-lib=\"medialibrary\" title=\"slider-023\" width=\"0\" height=\"0\" data-dbsrc=\"Ly9mcmFtZWdhLnBsL3dwLWNvbnRlbnQvdXBsb2Fkcy8yMDI1LzExL3NsaWRlci0wMjMud2VicA==\"\/>\n\t\t\t\t\t<\/image_lists>\n\t\t\t\t<\/sr7-module>\n\t\t\t\t<script>\n\t\t\t\t\tSR7.PMH ??={}; SR7.PMH[\"wedding_revslider\"] = {cn:100,state:false,fn: function() { if (_tpt!==undefined && _tpt.prepareModuleHeight !== undefined) {  _tpt.prepareModuleHeight({id:\"wedding_revslider\",el:[900,900,600,460,400],type:'standard',shdw:'0',gh:[900,900,600,460,400],gw:[1920,1920,1024,778,480],vpt:['-100px&#039;,&#039;-100px&#039;,&#039;-100px&#039;,&#039;-100px&#039;,&#039;-100px'],size:{fullWidth:true, fullHeight:false},mh:'0',onh:0,onw:0,bg:{color:'{\"orig\":\"transparent\",\"type\":\"solid\",\"string\":\"transparent\"}'},plType:'0',plColor:'#FFFFFF'});   SR7.PMH[\"wedding_revslider\"].state=true;} else if(SR7.PMH[\"wedding_revslider\"].cn-->0)\tsetTimeout( SR7.PMH[\"wedding_revslider\"].fn,19);}};SR7.PMH[\"wedding_revslider\" ].fn();\n\t\t\t\t<\/script>\n[\/vc_column][\/vc_row][vc_row pgscore_enable_responsive_settings=&#8221;true&#8221; el_id=&#8221;1523261434722-9f9b6daa-836f&#8221; css=&#8221;.vc_custom_1543291907177{padding-top: 80px !important;padding-bottom: 10px !important;}&#8221; element_css_md=&#8221;.vc_custom_1543291907179{padding-top: 60px !important;padding-bottom: 20px !important;}&#8221; element_css_sm=&#8221;.vc_custom_1543291907180{padding-top: 50px !important;padding-bottom: 10px !important;}&#8221; element_css_xs=&#8221;.vc_custom_1543291907181{padding-top: 40px !important;padding-bottom: 0px !important;}&#8221;][vc_column el_id=&#8221;1763130351415-15f37aa2-9ed1&#8243;][vc_row_inner css=&#8221;.vc_custom_1523450698961{margin-bottom: 15px !important;}&#8221; el_id=&#8221;1763130351421-c39a802d-8c3d&#8221;][vc_column_inner width=&#8221;1\/2&#8243; el_id=&#8221;1763130351423-6913ad01-cf09&#8243;][vc_custom_heading text=&#8221;Zapewniamy Pa\u0144stwu satysfakcj\u0119 z \u015bwiadczonych us\u0142ug fotografii oraz wideofilmowania.&#8221; font_container=&#8221;tag:h2|text_align:left|color:%23000000|line_height:40px&#8221; google_fonts=&#8221;font_family:Great%20Vibes%3Aregular|font_style:400%20regular%3A400%3Anormal&#8221; css=&#8221;.vc_custom_1763130406395{margin-bottom: 30px !important;}&#8221;][\/vc_column_inner][vc_column_inner width=&#8221;1\/2&#8243; el_id=&#8221;1763130351430-673ff665-bbc0&#8243;][vc_column_text css=&#8221;.vc_custom_1763130442981{margin-bottom: 30px !important;}&#8221;]<\/p>\n<p style=\"text-align: left;\">Dzi\u0119ki pasji, do\u015bwiadczeniu oraz profesjonalizmowi Firma FRAMartis tworzy oryginalne realizacje filmowe o osobliwym i wyj\u0105tkowym charakterze. Realizuje filmowe reporta\u017ce okoliczno\u015bciowe (\u015alub, Wesele, Chrzest \u015awi\u0119ty, Komunia \u015awi\u0119ta, Studni\u00f3wka, przyj\u0119cia okazjonalne).<br \/>\nW ofercie proponuje Pa\u0144stwu realizacje obrazu w jako\u015bci Full HD z wykorzystaniem technologii dotycz\u0105cej stabilizacji obrazu pod postaci\u0105 gimbala. Czas trwania realizacji filmowej oraz spos\u00f3b jego prezentacji dostosowany jest do uznania Klient\u00f3w.[\/vc_column_text][\/vc_column_inner][\/vc_row_inner][vc_row_inner el_id=&#8221;1542431320794-0004b7a8-efef&#8221;][vc_column_inner width=&#8221;1\/3&#8243; el_id=&#8221;1542431320952-4b67dbad-55c5&#8243; css=&#8221;.vc_custom_1543291792164{margin-bottom: 30px !important;}&#8221;][vc_single_image image=&#8221;353&#8243; img_size=&#8221;full&#8221; alignment=&#8221;center&#8221; css=&#8221;&#8221;][vc_custom_heading text=&#8221;Plenery&#8221; font_container=&#8221;tag:h4|font_size:16px|text_align:center|color:%23323232&#8243; use_theme_fonts=&#8221;yes&#8221; css=&#8221;.vc_custom_1763132101996{margin-top: 20px !important;}&#8221;][\/vc_column_inner][vc_column_inner width=&#8221;1\/3&#8243; el_id=&#8221;1542431321273-a0235114-7ea0&#8243; css=&#8221;.vc_custom_1543291798877{margin-bottom: 30px !important;}&#8221;][vc_single_image image=&#8221;354&#8243; img_size=&#8221;full&#8221; alignment=&#8221;center&#8221; css=&#8221;&#8221;][vc_custom_heading text=&#8221;Sesje rodzinne&#8221; font_container=&#8221;tag:h4|font_size:16px|text_align:center|color:%23323232&#8243; use_theme_fonts=&#8221;yes&#8221; css=&#8221;.vc_custom_1763132095012{margin-top: 20px !important;}&#8221;][\/vc_column_inner][vc_column_inner width=&#8221;1\/3&#8243; el_id=&#8221;1542431321562-2d69b535-19cd&#8221; css=&#8221;.vc_custom_1543291807653{margin-bottom: 30px !important;}&#8221;][vc_single_image image=&#8221;355&#8243; img_size=&#8221;full&#8221; alignment=&#8221;center&#8221; css=&#8221;&#8221;][vc_custom_heading text=&#8221;Fotografie okoliczno\u015bciowe&#8221; font_container=&#8221;tag:h4|font_size:16px|text_align:center|color:%23323232&#8243; use_theme_fonts=&#8221;yes&#8221; css=&#8221;.vc_custom_1763132060896{margin-top: 20px !important;}&#8221;][\/vc_column_inner][\/vc_row_inner][vc_row_inner el_id=&#8221;1542432120905-cf337f59-969b&#8221;][vc_column_inner width=&#8221;1\/3&#8243; el_id=&#8221;1542432120956-40b3f7e1-d186&#8243; css=&#8221;.vc_custom_1543291833620{margin-bottom: 30px !important;}&#8221;][vc_single_image image=&#8221;356&#8243; img_size=&#8221;full&#8221; alignment=&#8221;center&#8221; css=&#8221;&#8221;][vc_custom_heading text=&#8221;Sesje dzieci\u0119ce&#8221; font_container=&#8221;tag:h4|font_size:16px|text_align:center|color:%23323232&#8243; use_theme_fonts=&#8221;yes&#8221; css=&#8221;.vc_custom_1763132234127{margin-top: 20px !important;}&#8221;][\/vc_column_inner][vc_column_inner width=&#8221;1\/3&#8243; el_id=&#8221;1542432121147-57326e6e-bcc1&#8243; css=&#8221;.vc_custom_1543291841166{margin-bottom: 30px !important;}&#8221;][vc_single_image image=&#8221;357&#8243; img_size=&#8221;full&#8221; alignment=&#8221;center&#8221; css=&#8221;&#8221;][vc_custom_heading text=&#8221;Sesje noworodkowe&#8221; font_container=&#8221;tag:h4|font_size:16px|text_align:center|color:%23323232&#8243; use_theme_fonts=&#8221;yes&#8221; css=&#8221;.vc_custom_1763132257447{margin-top: 20px !important;}&#8221;][\/vc_column_inner][vc_column_inner width=&#8221;1\/3&#8243; el_id=&#8221;1542432121307-b20f46ef-3fb8&#8243; css=&#8221;.vc_custom_1543295210846{margin-bottom: 30px !important;}&#8221;][vc_single_image image=&#8221;358&#8243; img_size=&#8221;full&#8221; alignment=&#8221;center&#8221; css=&#8221;&#8221;][vc_custom_heading text=&#8221;Sesje ci\u0105\u017cowe&#8221; font_container=&#8221;tag:h4|font_size:16px|text_align:center|color:%23323232&#8243; use_theme_fonts=&#8221;yes&#8221; css=&#8221;.vc_custom_1763132275749{margin-top: 20px !important;}&#8221;][\/vc_column_inner][\/vc_row_inner][vc_row_inner el_id=&#8221;1763131799255-ff9cc040-cc6f&#8221;][vc_column_inner width=&#8221;1\/3&#8243; el_id=&#8221;1763131799255-c2d7f88d-6cd0&#8243; css=&#8221;.vc_custom_1543291833620{margin-bottom: 30px !important;}&#8221;][vc_single_image image=&#8221;359&#8243; img_size=&#8221;full&#8221; alignment=&#8221;center&#8221; css=&#8221;&#8221;][vc_custom_heading text=&#8221;Sesje \u015bwi\u0105teczne&#8221; font_container=&#8221;tag:h4|font_size:16px|text_align:center|color:%23323232&#8243; use_theme_fonts=&#8221;yes&#8221; css=&#8221;.vc_custom_1763132314454{margin-top: 20px !important;}&#8221;][\/vc_column_inner][vc_column_inner width=&#8221;1\/3&#8243; el_id=&#8221;1763131799256-8803d890-642a&#8221; css=&#8221;.vc_custom_1543291841166{margin-bottom: 30px !important;}&#8221;][vc_single_image image=&#8221;360&#8243; img_size=&#8221;full&#8221; alignment=&#8221;center&#8221; css=&#8221;&#8221;][vc_custom_heading text=&#8221;Sesje rodzinne&#8221; font_container=&#8221;tag:h4|font_size:16px|text_align:center|color:%23323232&#8243; use_theme_fonts=&#8221;yes&#8221; css=&#8221;.vc_custom_1763132327565{margin-top: 20px !important;}&#8221;][\/vc_column_inner][vc_column_inner width=&#8221;1\/3&#8243; el_id=&#8221;1763131799257-87facdee-d061&#8243; css=&#8221;.vc_custom_1543295210846{margin-bottom: 30px !important;}&#8221;][vc_single_image image=&#8221;361&#8243; img_size=&#8221;full&#8221; alignment=&#8221;center&#8221; css=&#8221;&#8221;][vc_custom_heading text=&#8221;Sesje portretowe&#8221; font_container=&#8221;tag:h4|font_size:16px|text_align:center|color:%23323232&#8243; use_theme_fonts=&#8221;yes&#8221; css=&#8221;.vc_custom_1763132343238{margin-top: 20px !important;}&#8221;][\/vc_column_inner][\/vc_row_inner][\/vc_column][\/vc_row][vc_row el_id=&#8221;1543292742223-b6970b8b-7932&#8243; css=&#8221;.vc_custom_1543293110793{margin-bottom: 30px !important;}&#8221;][vc_column el_id=&#8221;1543292742227-66c7eff6-3c5f&#8221; offset=&#8221;vc_col-lg-offset-2 vc_col-lg-8 vc_col-md-offset-2 vc_col-md-8&#8243;][vc_custom_heading text=&#8221;Utrwalone obrazy zatrzymuj\u0105 chwile.&#8221; font_container=&#8221;tag:h5|text_align:center|color:%23877f75&#8243; use_theme_fonts=&#8221;yes&#8221; css=&#8221;.vc_custom_1763134060374{margin-bottom: 10px !important;}&#8221;][vc_column_text css=&#8221;&#8221;]<\/p>\n<p style=\"text-align: center;\">Studio FRAMartis tworzy reporta\u017c wa\u017cnej chwili, momentu, mgnienia- za pomoc\u0105 fotografii i filmu zachowuje to, co bez obrazu uleg\u0142oby zapomnieniu.<\/p>\n<p>[\/vc_column_text][\/vc_column][\/vc_row][vc_row pgscore_enable_responsive_settings=&#8221;true&#8221; el_id=&#8221;1523273154440-bdb28556-3b4c&#8221; css=&#8221;.vc_custom_1763133655029{margin-bottom: 80px !important;border-top-width: 4px !important;border-bottom-width: 4px !important;padding-top: 10px !important;padding-bottom: 10px !important;border-top-style: double !important;border-bottom-style: double !important;border-color: #EEEEEE !important;}&#8221; element_css_md=&#8221;.vc_custom_1763133655030{margin-bottom: 60px !important;}&#8221; element_css_sm=&#8221;.vc_custom_1763133655030{margin-bottom: 50px !important;}&#8221; element_css_xs=&#8221;.vc_custom_1763133655030{margin-bottom: 40px !important;}&#8221;][vc_column width=&#8221;1\/2&#8243; css=&#8221;.vc_custom_1523273674424{padding-top: 0px !important;}&#8221; el_id=&#8221;1763130351632-802a4ec4-d3ae&#8221;]\t<div  class=\"pgscore_info_box_2_wrapper\"><!-- shortcode-base-wrapper -->\n\t\t<div class=\"pgscore_info_box_2 pgscore_info_box_2-layout-style_2 pgscore_info_box_2-content_alignment-left animated pgscore_info_box_2-with-icon pgscore_info_box_2-icon-source-font pgscore_info_box_2-icon-style-default pgscore_info_box_2-icon-size-sm pgscore_info_box_2-icon_position-left\">\n\t<div class=\"pgscore_info_box_2-inner clearfix\">\n\t\t\t<div class=\"pgscore_info_box_2-icon\">\n\t\t\t<div class=\"pgscore_info_box_2-icon-wrap\">\n\t\t\t\t<div class=\"pgscore_info_box_2-icon-outer\">\n\t<div class=\"pgscore_info_box_2-icon-inner\" style=\"\">\n\t\t<i class=\"fa fa-solid fa-camera\" style=\"color:#877f75\"><\/i>\t<\/div>\n<\/div>\n\t\t\t<\/div>\n\t\t<\/div>\n\t\t\t<div class=\"pgscore_info_box_2-content\">\n\t\t<div class=\"pgscore_info_box_2-content-wrap\">\n\t\t\t<div class=\"pgscore_info_box_2-content-inner\">\n\t\t\t\t\t\t<h4 class=\"pgscore_info_box_2-title inline_hover\" style=\"color:#877f75;\">\n\t\t\tFotografia \u015blubna\t\t<\/h4>\n\t\t\t<div style=\"color:#969696\" class=\"pgscore_info_box_2-content\">\n\t\t<p>Pragnienie utrwalania otaczaj\u0105cego nas \u015bwiata sprawia, \u017ce mam przyjemno\u015b\u0107 tworzenia obraz\u00f3w wa\u017cnych chwil Pa\u0144stwa \u017cycia.<\/p>\n\t<\/div>\n\t\t\t\t<\/div>\n\t\t<\/div>\n\t<\/div>\n<\/div>\n<\/div>\n\t<\/div>\n\t[\/vc_column][vc_column width=&#8221;1\/2&#8243; el_id=&#8221;1763133174707-001a7499-5978&#8243; css=&#8221;.vc_custom_1763133588933{padding-top: 0px !important;}&#8221;]\t<div  class=\"pgscore_info_box_2_wrapper\"><!-- shortcode-base-wrapper -->\n\t\t<div class=\"pgscore_info_box_2 pgscore_info_box_2-layout-style_2 pgscore_info_box_2-content_alignment-left animated pgscore_info_box_2-with-icon pgscore_info_box_2-icon-source-font pgscore_info_box_2-icon-style-default pgscore_info_box_2-icon-size-sm pgscore_info_box_2-icon_position-left\">\n\t<div class=\"pgscore_info_box_2-inner clearfix\">\n\t\t\t<div class=\"pgscore_info_box_2-icon\">\n\t\t\t<div class=\"pgscore_info_box_2-icon-wrap\">\n\t\t\t\t<div class=\"pgscore_info_box_2-icon-outer\">\n\t<div class=\"pgscore_info_box_2-icon-inner\" style=\"\">\n\t\t<i class=\"fa fa-solid fa-camera\" style=\"color:#877f75\"><\/i>\t<\/div>\n<\/div>\n\t\t\t<\/div>\n\t\t<\/div>\n\t\t\t<div class=\"pgscore_info_box_2-content\">\n\t\t<div class=\"pgscore_info_box_2-content-wrap\">\n\t\t\t<div class=\"pgscore_info_box_2-content-inner\">\n\t\t\t\t\t\t<h4 class=\"pgscore_info_box_2-title inline_hover\" style=\"color:#877f75;\">\n\t\t\tVideofilmowanie\t\t<\/h4>\n\t\t\t<div style=\"color:#969696\" class=\"pgscore_info_box_2-content\">\n\t\t<p>W indywidualny spos\u00f3b s\u0105 realizowane produkcje filmowe, kt\u00f3re s\u0105 zapisem ulotnych chwil za pomoc\u0105 obrazu filmowego.<\/p>\n\t<\/div>\n\t\t\t\t<\/div>\n\t\t<\/div>\n\t<\/div>\n<\/div>\n<\/div>\n\t<\/div>\n\t[\/vc_column][\/vc_row]<\/p>\n<\/div>","protected":false},"excerpt":{"rendered":"<p>[vc_row el_id=&#8221;1763408290884-f9289c42-cc8f&#8221;][vc_column el_id=&#8221;1763408290885-172f1e2d-25f9&#8243;][\/vc_column][\/vc_row][vc_row pgscore_enable_responsive_settings=&#8221;true&#8221; el_id=&#8221;1523261434722-9f9b6daa-836f&#8221; css=&#8221;.vc_custom_1543291907177{padding-top: 80px !important;padding-bottom: 10px !important;}&#8221; element_css_md=&#8221;.vc_custom_1543291907179{padding-top: 60px !important;padding-bottom: 20px !important;}&#8221; element_css_sm=&#8221;.vc_custom_1543291907180{padding-top: 50px !important;padding-bottom: 10px !important;}&#8221; element_css_xs=&#8221;.vc_custom_1543291907181{padding-top: 40px !important;padding-bottom: 0px !important;}&#8221;][vc_column el_id=&#8221;1763130351415-15f37aa2-9ed1&#8243;][vc_row_inner css=&#8221;.vc_custom_1523450698961{margin-bottom: 15px !important;}&#8221; el_id=&#8221;1763130351421-c39a802d-8c3d&#8221;][vc_column_inner width=&#8221;1\/2&#8243; el_id=&#8221;1763130351423-6913ad01-cf09&#8243;][vc_custom_heading text=&#8221;Zapewniamy Pa\u0144stwu satysfakcj\u0119 z \u015bwiadczonych us\u0142ug fotografii oraz wideofilmowania.&#8221; font_container=&#8221;tag:h2|text_align:left|color:%23000000|line_height:40px&#8221; google_fonts=&#8221;font_family:Great%20Vibes%3Aregular|font_style:400%20regular%3A400%3Anormal&#8221; css=&#8221;.vc_custom_1763130406395{margin-bottom: 30px !important;}&#8221;][\/vc_column_inner][vc_column_inner width=&#8221;1\/2&#8243; el_id=&#8221;1763130351430-673ff665-bbc0&#8243;][vc_column_text css=&#8221;.vc_custom_1763130442981{margin-bottom: 30px !important;}&#8221;] Dzi\u0119ki pasji, do\u015bwiadczeniu oraz [&hellip;]<\/p>\n","protected":false},"author":1,"featured_media":0,"parent":0,"menu_order":0,"comment_status":"closed","ping_status":"closed","template":"templates\/full-width.php","meta":{"footnotes":""},"class_list":["post-74","page","type-page","status-publish","hentry"],"_links":{"self":[{"href":"https:\/\/framega.pl\/index.php\/wp-json\/wp\/v2\/pages\/74","targetHints":{"allow":["GET"]}}],"collection":[{"href":"https:\/\/framega.pl\/index.php\/wp-json\/wp\/v2\/pages"}],"about":[{"href":"https:\/\/framega.pl\/index.php\/wp-json\/wp\/v2\/types\/page"}],"author":[{"embeddable":true,"href":"https:\/\/framega.pl\/index.php\/wp-json\/wp\/v2\/users\/1"}],"replies":[{"embeddable":true,"href":"https:\/\/framega.pl\/index.php\/wp-json\/wp\/v2\/comments?post=74"}],"version-history":[{"count":8,"href":"https:\/\/framega.pl\/index.php\/wp-json\/wp\/v2\/pages\/74\/revisions"}],"predecessor-version":[{"id":503,"href":"https:\/\/framega.pl\/index.php\/wp-json\/wp\/v2\/pages\/74\/revisions\/503"}],"wp:attachment":[{"href":"https:\/\/framega.pl\/index.php\/wp-json\/wp\/v2\/media?parent=74"}],"curies":[{"name":"wp","href":"https:\/\/api.w.org\/{rel}","templated":true}]}}